{"id":225,"date":"2019-03-04T04:15:59","date_gmt":"2019-03-04T04:15:59","guid":{"rendered":"http:\/\/shtheme.net\/demosd\/pixer\/?page_id=225"},"modified":"2025-03-21T11:52:30","modified_gmt":"2025-03-21T08:52:30","slug":"iletisim","status":"publish","type":"page","link":"https:\/\/glorygrowth.com\/tr\/iletisim","title":{"rendered":"ileti\u015fim"},"content":{"rendered":"\n\t\t\t\n    <section class=\"page-title\" style=\"background-image:url(https:\/\/glorygrowth.com\/wp-content\/uploads\/2024\/01\/iletisim.png)\">\n\n        <div class=\"auto-container\">\n\n            <div class=\"content\">\n\n                <h1>\u0130leti\u015fim<\/h1>\n\n                <ul class=\"page-breadcrumb\">\n\n                    <li><a href=\"https:\/\/glorygrowth.com\/tr\/\">Anasayfa<\/a><\/li>\n\n                    <li>\u0130leti\u015fime ge\u00e7<\/li>\n\n                <\/ul>\n\n            <\/div>\n\n        <\/div>\n\n    <\/section>\n\n<section class=\"contact-page-section\">\n                <div class=\"auto-container\">\n                  <div class=\"inner-container\">\n                    <h2>\u0130leti\u015fime Ge\u00e7in, Dijital D\u00f6n\u00fc\u015f\u00fcm\u00fcn\u00fcz\u00fc Birlikte Planlayal\u0131m!<\/h2>\n                    <div class=\"row clearfix\">\n\t\t\t\n    <div class=\"info-column col-lg-6 col-md-12 col-sm-12\">\n\n        <div class=\"inner-column\">\n\n            <div class=\"text\">Etkileyici dijital \u00e7\u00f6z\u00fcmler, yarat\u0131c\u0131 stratejiler ve ba\u015far\u0131l\u0131 projelerle dolu bir dijital pazarlama ajans\u0131n\u0131n kap\u0131lar\u0131 sizin i\u00e7in aral\u0131k. \u0130\u015finizi bir \u00fcst seviyeye ta\u015f\u0131mak, markan\u0131z\u0131 g\u00fc\u00e7lendirmek ve dijital varl\u0131\u011f\u0131n\u0131z\u0131 optimize etmek i\u00e7in buraday\u0131z.<\/div>\n\n            <ul class=\"list-style-two\">\n\n                <li><span class=\"icon fa fa-building\"><\/span> Cemal Sahir Soka\u011fi,\r\nPolat \u0130\u015f Merkezi, No:40\r\n\u015ei\u015fli\/\u0130stanbul<\/li>\n\n                <li><span class=\"icon fa fa-fax\"><\/span> +90 532 132 7349<\/li>\n\n                <li><span class=\"icon fa fa-envelope-o\"><\/span>Hello@glorygrowth.com<\/li>\n\n            <\/ul>\n\n        <\/div>\n\n    <\/div>\n\n\n\t<div class=\"form-column col-lg-6 col-md-12 col-sm-12\">\r\n                        <div class=\"inner-column\">\r\n                            <div class=\"contact-form\">\n\t\t\t\n            <div \n                class=\"elfsight-widget-contact-form elfsight-widget\" \n                data-elfsight-contact-form-options=\"%7B%22ei%22%3A%22%22%2C%22fields%22%3A%5B%7B%22type%22%3A%22text%22%2C%22placeholder%22%3A%22Name%20%26%20Surname%22%2C%22description%22%3A%22%22%2C%22label%22%3A%22Name%20%26%20Surname%22%2C%22required%22%3Afalse%2C%22columnWidth%22%3A50%2C%22id%22%3A%22%5Bname-%26-surname%5D%22%7D%2C%7B%22type%22%3A%22email%22%2C%22label%22%3A%22E-Mail%22%2C%22description%22%3A%22%22%2C%22placeholder%22%3A%22example%40domain.com%22%2C%22required%22%3Atrue%2C%22columnWidth%22%3A50%2C%22id%22%3A%22%5Be-mail%5D%22%7D%2C%7B%22type%22%3A%22textarea%22%2C%22label%22%3A%22Your%20Messages%22%2C%22description%22%3A%22%22%2C%22placeholder%22%3A%22Your%20message%20is%20important%20to%20us.%20Please%20share%20your%20thoughts%2C%20and%20we%5Cu2019ll%20get%20back%20to%20you%20as%20soon%20as%20possible.%22%2C%22required%22%3Atrue%2C%22columnWidth%22%3A100%2C%22id%22%3A%22%5Byour-messages%5D%22%7D%5D%2C%22headerActive%22%3Afalse%2C%22headerTitle%22%3A%22%5Cu0130leti%5Cu015fime%20Ge%5Cu00e7%22%2C%22headerText%22%3A%22%22%2C%22headerPictureUrl%22%3A%22message%22%2C%22footerText%22%3A%22%22%2C%22actionAfterSubmit%22%3A%22message%22%2C%22successMessage%22%3A%22En%20k%5Cu0131sa%20zamanda%20sizlere%20geri%20d%5Cu00f6n%5Cu00fc%5Cu015f%20sa%5Cu011flayaca%5Cu011f%5Cu0131z%22%2C%22successContinueText%22%3A%22OK%22%2C%22redirectUrl%22%3A%22https%3A%5C%2F%5C%2Fexample.com%22%2C%22submitText%22%3A%22Send%20Now%22%2C%22stepsMessagesDivider%22%3Anull%2C%22stepsMessagesTitle%22%3Anull%2C%22stepsText%22%3A%22step%20%251%20of%20%252%22%2C%22stepBackText%22%3A%22Back%22%2C%22stepNextText%22%3A%22Next%22%2C%22errorMessageAllRequired%22%3A%22Please%2C%20fill%20all%20the%20required%20fields%22%2C%22errorMessageAllIncorrect%22%3A%22Please%2C%20fill%20all%20the%20fields%20correctly%22%2C%22errorMessageSetMailTo%22%3A%22Please%2C%20set%20the%20email%20to%20send%20messages%20to%22%2C%22errorMessageRequiredCaptcha%22%3A%22Please%2C%20enter%20the%20captcha%22%2C%22errorMessageFileSizeLimit%22%3A%22File%20size%20limit%20exceeded%22%2C%22errorMessageFileNotAllowed%22%3A%22File%20extension%20not%20allowed%22%2C%22errorMessageUnknown%22%3A%22Unknown%20error%22%2C%22errorMessageRequired%22%3A%22Required%20field%22%2C%22errorMessageInvalid%22%3A%22Invalid%22%2C%22errorMessageInvalidEmail%22%3A%22Invalid%20email%22%2C%22errorMessageInvalidPhone%22%3A%22Invalid%20phone%20number%22%2C%22errorMessageInvalidUrl%22%3A%22Invalid%20URL%22%2C%22calendarWeekdaysShorthand%22%3A%22Sun%5CnMon%5CnTue%5CnWed%5CnThu%5CnFri%5CnSat%22%2C%22calendarMonthsLonghand%22%3A%22January%5CnFebruary%5CnMarch%5CnApril%5CnMay%5CnJune%5CnJuly%5CnAugust%5CnSeptember%5CnOctober%5CnNovember%5CnDecember%22%2C%22showProgress%22%3Atrue%2C%22recaptchaType%22%3A%22invisible%22%2C%22integrationsGoogleToken%22%3A%22%22%2C%22integrationsGoogleSheetId%22%3A%22%22%2C%22layout%22%3A%22default%22%2C%22floatingIcon%22%3A%22message%22%2C%22floatingText%22%3A%22%22%2C%22floatingPosition%22%3A%22right%22%2C%22width%22%3A%22580%22%2C%22style%22%3A%22classic-rounded%22%2C%22mainColor%22%3A%22rgb%280%2C%200%2C%200%29%22%2C%22apiUrl%22%3A%22https%3A%5C%2F%5C%2Fglorygrowth.com%5C%2Ftr%5C%2Fwp-json%5C%2Felfsight-contact-form%5C%2Fapi%22%2C%22recaptchaKeyCheckbox%22%3A%226LfXGHgUAAAAAHNIE_EH7kEI1l4xvf_ynIlg5bfo%22%2C%22recaptchaKeyInvisible%22%3A%226Ld1CXgUAAAAAFTHmixC1Eo-NP7_3ddB1YOj9AfX%22%2C%22widgetId%22%3A%226%22%7D\" \n                data-elfsight-contact-form-version=\"2.3.1\"\n                data-elfsight-widget-id=\"elfsight-contact-form-6\">\n            <\/div>\n            \n\t<\/div>   \r\n                        <\/div>\r\n                    <\/div>\n<\/div><\/div>\n            <\/div>\n          <\/section>","protected":false},"excerpt":{"rendered":"\u0130leti\u015fim Anasayfa \u0130leti\u015fime ge\u00e7 \u0130leti\u015fime Ge\u00e7in, Dijital D\u00f6n\u00fc\u015f\u00fcm\u00fcn\u00fcz\u00fc Birlikte Planlayal\u0131m! Etkileyici dijital \u00e7\u00f6z\u00fcmler, yarat\u0131c\u0131 stratejiler ve ba\u015far\u0131l\u0131 projelerle dolu bir dijital pazarlama ajans\u0131n\u0131n kap\u0131lar\u0131 sizin i\u00e7in aral\u0131k. \u0130\u015finizi bir \u00fcst seviyeye ta\u015f\u0131mak, markan\u0131z\u0131 g\u00fc\u00e7lendirmek ve dijital varl\u0131\u011f\u0131n\u0131z\u0131 optimize etmek i\u00e7in buraday\u0131z. Cemal Sahir Soka\u011fi, Polat \u0130\u015f Merkezi, No:40 \u015ei\u015fli\/\u0130stanbul +90 532 132 7349 Hello@glorygrowth.com","protected":false},"author":1,"featured_media":0,"parent":0,"menu_order":0,"comment_status":"closed","ping_status":"closed","template":"page-templates\/extra-page.php","meta":{"footnotes":""},"class_list":["post-225","page","type-page","status-publish","hentry"],"yoast_head":"<!-- This site is optimized with the Yoast SEO plugin v21.9.1 - https:\/\/yoast.com\/wordpress\/plugins\/seo\/ -->\n<title>ileti\u015fim - glorygrowth.com<\/title>\n<meta name=\"robots\" content=\"index, follow, max-snippet:-1, max-image-preview:large, max-video-preview:-1\" \/>\n<link rel=\"canonical\" href=\"https:\/\/glorygrowth.com\/tr\/iletisim\/\" \/>\n<meta property=\"og:locale\" content=\"tr_TR\" \/>\n<meta property=\"og:type\" content=\"article\" \/>\n<meta property=\"og:title\" content=\"ileti\u015fim - glorygrowth.com\" \/>\n<meta property=\"og:url\" content=\"https:\/\/glorygrowth.com\/tr\/iletisim\/\" \/>\n<meta property=\"og:site_name\" content=\"glorygrowth.com\" \/>\n<meta property=\"article:modified_time\" content=\"2025-03-21T08:52:30+00:00\" \/>\n<meta name=\"twitter:card\" content=\"summary_large_image\" \/>\n<meta name=\"twitter:label1\" content=\"Tahmini okuma s\u00fcresi\" \/>\n\t<meta name=\"twitter:data1\" content=\"1 dakika\" \/>\n<script type=\"application\/ld+json\" class=\"yoast-schema-graph\">{\"@context\":\"https:\/\/schema.org\",\"@graph\":[{\"@type\":\"WebPage\",\"@id\":\"https:\/\/glorygrowth.com\/iletisim\",\"url\":\"https:\/\/glorygrowth.com\/iletisim\",\"name\":\"ileti\u015fim - glorygrowth.com\",\"isPartOf\":{\"@id\":\"https:\/\/glorygrowth.com\/#website\"},\"datePublished\":\"2019-03-04T04:15:59+00:00\",\"dateModified\":\"2025-03-21T08:52:30+00:00\",\"breadcrumb\":{\"@id\":\"https:\/\/glorygrowth.com\/iletisim#breadcrumb\"},\"inLanguage\":\"tr\",\"potentialAction\":[{\"@type\":\"ReadAction\",\"target\":[\"https:\/\/glorygrowth.com\/iletisim\"]}]},{\"@type\":\"BreadcrumbList\",\"@id\":\"https:\/\/glorygrowth.com\/iletisim#breadcrumb\",\"itemListElement\":[{\"@type\":\"ListItem\",\"position\":1,\"name\":\"Anasayfa\",\"item\":\"https:\/\/glorygrowth.com\/\"},{\"@type\":\"ListItem\",\"position\":2,\"name\":\"ileti\u015fim\"}]},{\"@type\":\"WebSite\",\"@id\":\"https:\/\/glorygrowth.com\/#website\",\"url\":\"https:\/\/glorygrowth.com\/\",\"name\":\"glorygrowth.com\",\"description\":\"\",\"potentialAction\":[{\"@type\":\"SearchAction\",\"target\":{\"@type\":\"EntryPoint\",\"urlTemplate\":\"https:\/\/glorygrowth.com\/?s={search_term_string}\"},\"query-input\":\"required name=search_term_string\"}],\"inLanguage\":\"tr\"}]}<\/script>\n<!-- \/ Yoast SEO plugin. -->","yoast_head_json":{"title":"ileti\u015fim - glorygrowth.com","robots":{"index":"index","follow":"follow","max-snippet":"max-snippet:-1","max-image-preview":"max-image-preview:large","max-video-preview":"max-video-preview:-1"},"canonical":"https:\/\/glorygrowth.com\/tr\/iletisim\/","og_locale":"tr_TR","og_type":"article","og_title":"ileti\u015fim - glorygrowth.com","og_url":"https:\/\/glorygrowth.com\/tr\/iletisim\/","og_site_name":"glorygrowth.com","article_modified_time":"2025-03-21T08:52:30+00:00","twitter_card":"summary_large_image","twitter_misc":{"Tahmini okuma s\u00fcresi":"1 dakika"},"schema":{"@context":"https:\/\/schema.org","@graph":[{"@type":"WebPage","@id":"https:\/\/glorygrowth.com\/iletisim","url":"https:\/\/glorygrowth.com\/iletisim","name":"ileti\u015fim - glorygrowth.com","isPartOf":{"@id":"https:\/\/glorygrowth.com\/#website"},"datePublished":"2019-03-04T04:15:59+00:00","dateModified":"2025-03-21T08:52:30+00:00","breadcrumb":{"@id":"https:\/\/glorygrowth.com\/iletisim#breadcrumb"},"inLanguage":"tr","potentialAction":[{"@type":"ReadAction","target":["https:\/\/glorygrowth.com\/iletisim"]}]},{"@type":"BreadcrumbList","@id":"https:\/\/glorygrowth.com\/iletisim#breadcrumb","itemListElement":[{"@type":"ListItem","position":1,"name":"Anasayfa","item":"https:\/\/glorygrowth.com\/"},{"@type":"ListItem","position":2,"name":"ileti\u015fim"}]},{"@type":"WebSite","@id":"https:\/\/glorygrowth.com\/#website","url":"https:\/\/glorygrowth.com\/","name":"glorygrowth.com","description":"","potentialAction":[{"@type":"SearchAction","target":{"@type":"EntryPoint","urlTemplate":"https:\/\/glorygrowth.com\/?s={search_term_string}"},"query-input":"required name=search_term_string"}],"inLanguage":"tr"}]}},"rttpg_featured_image_url":null,"rttpg_author":{"display_name":"glorygrowth.com","author_link":"https:\/\/glorygrowth.com\/tr\/author\/glorygrowth-com"},"rttpg_comment":0,"rttpg_category":null,"rttpg_excerpt":null,"_links":{"self":[{"href":"https:\/\/glorygrowth.com\/tr\/wp-json\/wp\/v2\/pages\/225","targetHints":{"allow":["GET"]}}],"collection":[{"href":"https:\/\/glorygrowth.com\/tr\/wp-json\/wp\/v2\/pages"}],"about":[{"href":"https:\/\/glorygrowth.com\/tr\/wp-json\/wp\/v2\/types\/page"}],"author":[{"embeddable":true,"href":"https:\/\/glorygrowth.com\/tr\/wp-json\/wp\/v2\/users\/1"}],"replies":[{"embeddable":true,"href":"https:\/\/glorygrowth.com\/tr\/wp-json\/wp\/v2\/comments?post=225"}],"version-history":[{"count":11,"href":"https:\/\/glorygrowth.com\/tr\/wp-json\/wp\/v2\/pages\/225\/revisions"}],"predecessor-version":[{"id":553,"href":"https:\/\/glorygrowth.com\/tr\/wp-json\/wp\/v2\/pages\/225\/revisions\/553"}],"wp:attachment":[{"href":"https:\/\/glorygrowth.com\/tr\/wp-json\/wp\/v2\/media?parent=225"}],"curies":[{"name":"wp","href":"https:\/\/api.w.org\/{rel}","templated":true}]}}