{"id":175,"date":"2019-03-01T07:37:53","date_gmt":"2019-03-01T07:37:53","guid":{"rendered":"http:\/\/shtheme.net\/demosd\/pixer\/?page_id=175"},"modified":"2025-03-21T16:37:06","modified_gmt":"2025-03-21T13:37:06","slug":"hakkimizda","status":"publish","type":"page","link":"https:\/\/glorygrowth.com\/tr\/hakkimizda","title":{"rendered":"GG Hakk\u0131nda"},"content":{"rendered":"\n\t\t\t\n    <section class=\"page-title\" style=\"background-image:url(https:\/\/glorygrowth.com\/wp-content\/uploads\/2024\/01\/aboutus.png)\">\n\n        <div class=\"auto-container\">\n\n            <div class=\"content\">\n\n                <h1>GG'yi Ke\u015ffet<\/h1>\n\n                <ul class=\"page-breadcrumb\">\n\n                    <li><a href=\"https:\/\/glorygrowth.com\/tr\/\">Anasayfa<\/a><\/li>\n\n                    <li>GG'yi Ke\u015ffet<\/li>\n\n                <\/ul>\n\n            <\/div>\n\n        <\/div>\n\n    <\/section>\n\n<section class=\"services-section-two\">\n                <div class=\"auto-container\">\n                  <div class=\"row clearfix\">\n\t\t\t\n    <div class=\"services-block-four col-lg-4 col-md-6 col-sm-12\">\n\n        <div class=\"inner-box\">\n\n            <div class=\"icon-box\">\n\n                <span class=\"icon flaticon-chess\"><\/span>\n\n            <\/div>\n\n            <h6><a href=\"#\">\u0130yi bir strateji<\/a><\/h6>\n\n            <div class=\"text\">Markan\u0131z i\u00e7in b\u00fcy\u00fcme ve omnichannel stratejisi olu\u015fturman\u0131n ilk ad\u0131m\u0131, \u015firketin g\u00fc\u00e7l\u00fc ve zay\u0131f y\u00f6nlerini belirleyip, ard\u0131ndan belirlenen hedeflere y\u00f6nelik entegre bir yakla\u015f\u0131m geli\u015ftirmektir. Bu strateji, m\u00fc\u015fteri sadakatini art\u0131rmak ve rekabet avantaj\u0131 elde etmek amac\u0131yla farkl\u0131 kanallar\u0131 birle\u015ftirerek m\u00fc\u015fterilere kesintisiz bir deneyim sunmay\u0131 i\u00e7erir.<\/div>\n\n        <\/div>\n\n    <\/div>\n\n\n\t\t\t\n    <div class=\"services-block-four col-lg-4 col-md-6 col-sm-12\">\n\n        <div class=\"inner-box\">\n\n            <div class=\"icon-box\">\n\n                <span class=\"icon flaticon-document-2\"><\/span>\n\n            <\/div>\n\n            <h6><a href=\"#\">Uygulama<\/a><\/h6>\n\n            <div class=\"text\">Omnichannel stratejisini etkili bir \u015fekilde hayata ge\u00e7irmek i\u00e7in \u00f6ncelikle m\u00fc\u015fterilerimizi anlamam\u0131z gerekiyor. Farkl\u0131 kanallar\u0131 bir araya getirerek m\u00fc\u015fterilere daha kapsaml\u0131 bir deneyim sunmal\u0131, i\u00e7erikleri ki\u015fiselle\u015ftirmeli ve stratejimizi d\u00fczenli olarak g\u00f6zden ge\u00e7irmeliyiz. E\u011fitimle \u00e7al\u0131\u015fanlar\u0131m\u0131z\u0131 stratejiye haz\u0131rlamal\u0131, departmanlar aras\u0131 ileti\u015fimi g\u00fc\u00e7lendirmeliyiz. B\u00f6ylece omnichannel stratejimiz ba\u015far\u0131ya ula\u015facak ve markam\u0131z g\u00fc\u00e7lenecek.<\/div>\n\n        <\/div>\n\n    <\/div>\n\n\n\t\t\t\n    <div class=\"services-block-four col-lg-4 col-md-6 col-sm-12\">\n\n        <div class=\"inner-box\">\n\n            <div class=\"icon-box\">\n\n                <span class=\"icon flaticon-document\"><\/span>\n\n            <\/div>\n\n            <h6><a href=\"#\">Analiz & Ba\u015far\u0131<\/a><\/h6>\n\n            <div class=\"text\">Omnichannel stratejimizi uygulad\u0131ktan sonra m\u00fc\u015fteri etkile\u015fiminde belirgin bir art\u0131\u015f g\u00f6zlemledik. Bu geli\u015fme, potansiyel ROI oranlar\u0131m\u0131z\u0131n olumlu bir y\u00f6nde ilerledi\u011fini g\u00f6steriyor. Ayr\u0131ca, ROAS oranlar\u0131m\u0131z\u0131n artmas\u0131, stratejimizin etkili bir \u015fekilde uygulanmas\u0131n\u0131n bir g\u00f6stergesi. E\u011fitim ve ileti\u015fimdeki g\u00fc\u00e7l\u00fc art\u0131\u015f, departmanlar aras\u0131nda daha iyi bir i\u015fbirli\u011fi sa\u011flayarak stratejimizin ba\u015far\u0131ya ula\u015fmas\u0131n\u0131 destekledi. Bu olumlu trendler, omnichannel stratejimizin i\u015fletme performans\u0131na \u00f6nemli bir katk\u0131 sa\u011flad\u0131\u011f\u0131n\u0131 g\u00f6steriyor.<\/div>\n\n        <\/div>\n\n    <\/div>\n\n<\/div>\n            <\/div>\n          <\/section>\n<section class=\"about-section\">\n                  <div class=\"auto-container\">\n                    <div class=\"row clearfix\">\n                      <div class=\"image-column col-lg-6 col-md-12 col-sm-12\">\n                        <div class=\"inner-column\">\n                          <div class=\"image-1\"><img decoding=\"async\" src=\"\" alt=\"\"><\/div>\n                          <div class=\"image-2\"><img decoding=\"async\" src=\"\" alt=\"\"><\/div>\n                        <\/div>\n                      <\/div>\n                      <div class=\"content-column col-lg-6 col-md-12 col-sm-12\">\n                        <div class=\"inner-column\">\n                          <div class=\"sec-title\">\n                            <div class=\"title\">Birlikte g\u00fc\u00e7l\u00fcy\u00fcz <\/div>\n                            <h2>Growth ile Omnichannel<\/h2>\n                          <\/div>\n                          <div class=\"bold-text\">Markan\u0131z\u0131n \u0130leti\u015fimini G\u00fc\u00e7lendirin ve \u00c7e\u015fitli Kanallarda H\u0131zla Etkile\u015fim Sa\u011flay\u0131n<\/div>\n                          <div class=\"text\">\u00d6zel growth stratejilerimizle markan\u0131z\u0131n ileti\u015fimini g\u00fc\u00e7lendiriyor ve \u00e7e\u015fitli dijital kanallarda h\u0131zl\u0131 varl\u0131k olman\u0131z\u0131 sa\u011fl\u0131yoruz. Y\u00fcksek ROI ve ROAS performans\u0131yla ba\u015far\u0131 grafi\u011finizi zirveye ta\u015f\u0131y\u0131n. Gelece\u011fe g\u00fcvenle ad\u0131m at\u0131n<\/div>\n\t<div class=\"skills\">\n\t\t\t\n\t<\/div>\n\n\t\t\t\n    <div class=\"author-box\">\n\n        <div class=\"box-inner\">\n\n            <div class=\"image\"><img decoding=\"async\" src=\"https:\/\/glorygrowth.com\/wp-content\/uploads\/2019\/02\/team-4.jpg\" alt=\"\" \/><\/div>\n\n            <h3>Mert R. Yava\u015f<\/h3>\n\n            <div class=\"designation\">Founden & CEO<\/div>\n\n            <div class=\"signature\"><img decoding=\"async\" src=\"https:\/\/glorygrowth.com\/wp-content\/uploads\/2019\/02\/signature.png\" alt=\"\" \/><\/div>\n\n        <\/div>\n\n    <\/div>\n\n<div class=\"vc_empty_space\"   style=\"height: 200px\"><span class=\"vc_empty_space_inner\"><\/span><\/div><\/div>\n            <\/div> \n          <\/div>\n        <\/div>\n      <\/section>","protected":false},"excerpt":{"rendered":"GG'yi Ke\u015ffet Anasayfa GG'yi Ke\u015ffet \u0130yi bir strateji Markan\u0131z i\u00e7in b\u00fcy\u00fcme ve omnichannel stratejisi olu\u015fturman\u0131n ilk ad\u0131m\u0131, \u015firketin g\u00fc\u00e7l\u00fc ve zay\u0131f y\u00f6nlerini belirleyip, ard\u0131ndan belirlenen hedeflere y\u00f6nelik entegre bir yakla\u015f\u0131m geli\u015ftirmektir. Bu strateji, m\u00fc\u015fteri sadakatini art\u0131rmak ve rekabet avantaj\u0131 elde etmek amac\u0131yla farkl\u0131 kanallar\u0131 birle\u015ftirerek m\u00fc\u015fterilere kesintisiz bir deneyim sunmay\u0131 i\u00e7erir. Uygulama Omnichannel stratejisini etkili [...]","protected":false},"author":1,"featured_media":0,"parent":0,"menu_order":0,"comment_status":"closed","ping_status":"closed","template":"page-templates\/extra-page.php","meta":{"footnotes":""},"class_list":["post-175","page","type-page","status-publish","hentry"],"yoast_head":"<!-- This site is optimized with the Yoast SEO plugin v21.9.1 - https:\/\/yoast.com\/wordpress\/plugins\/seo\/ -->\n<title>ASO, SEO ve Omnichannel Pazarlama, Dijitalde H\u0131zl\u0131 B\u00fcy\u00fcme<\/title>\n<meta name=\"description\" content=\"Glory Growth ile dijital d\u00fcnyada fark yarat\u0131n! ASO, SEO, influencer marketing ve omnichannel stratejilerle uygulaman\u0131z\u0131n ve markan\u0131z\u0131n b\u00fcy\u00fcmesini h\u0131zland\u0131r\u0131yoruz.\" \/>\n<meta name=\"robots\" content=\"index, follow, max-snippet:-1, max-image-preview:large, max-video-preview:-1\" \/>\n<link rel=\"canonical\" href=\"https:\/\/glorygrowth.com\/tr\/hakkimizda\/\" \/>\n<meta property=\"og:locale\" content=\"tr_TR\" \/>\n<meta property=\"og:type\" content=\"article\" \/>\n<meta property=\"og:title\" content=\"ASO, SEO ve Omnichannel Pazarlama, Dijitalde H\u0131zl\u0131 B\u00fcy\u00fcme\" \/>\n<meta property=\"og:description\" content=\"Glory Growth ile dijital d\u00fcnyada fark yarat\u0131n! ASO, SEO, influencer marketing ve omnichannel stratejilerle uygulaman\u0131z\u0131n ve markan\u0131z\u0131n b\u00fcy\u00fcmesini h\u0131zland\u0131r\u0131yoruz.\" \/>\n<meta property=\"og:url\" content=\"https:\/\/glorygrowth.com\/tr\/hakkimizda\/\" \/>\n<meta property=\"og:site_name\" content=\"glorygrowth.com\" \/>\n<meta property=\"article:modified_time\" content=\"2025-03-21T13:37:06+00:00\" \/>\n<meta name=\"twitter:card\" content=\"summary_large_image\" \/>\n<meta name=\"twitter:label1\" content=\"Tahmini okuma s\u00fcresi\" \/>\n\t<meta name=\"twitter:data1\" content=\"1 dakika\" \/>\n<script type=\"application\/ld+json\" class=\"yoast-schema-graph\">{\"@context\":\"https:\/\/schema.org\",\"@graph\":[{\"@type\":\"WebPage\",\"@id\":\"https:\/\/glorygrowth.com\/hakkimizda\",\"url\":\"https:\/\/glorygrowth.com\/hakkimizda\",\"name\":\"ASO, SEO ve Omnichannel Pazarlama, Dijitalde H\u0131zl\u0131 B\u00fcy\u00fcme\",\"isPartOf\":{\"@id\":\"https:\/\/glorygrowth.com\/#website\"},\"datePublished\":\"2019-03-01T07:37:53+00:00\",\"dateModified\":\"2025-03-21T13:37:06+00:00\",\"description\":\"Glory Growth ile dijital d\u00fcnyada fark yarat\u0131n! ASO, SEO, influencer marketing ve omnichannel stratejilerle uygulaman\u0131z\u0131n ve markan\u0131z\u0131n b\u00fcy\u00fcmesini h\u0131zland\u0131r\u0131yoruz.\",\"breadcrumb\":{\"@id\":\"https:\/\/glorygrowth.com\/hakkimizda#breadcrumb\"},\"inLanguage\":\"tr\",\"potentialAction\":[{\"@type\":\"ReadAction\",\"target\":[\"https:\/\/glorygrowth.com\/hakkimizda\"]}]},{\"@type\":\"BreadcrumbList\",\"@id\":\"https:\/\/glorygrowth.com\/hakkimizda#breadcrumb\",\"itemListElement\":[{\"@type\":\"ListItem\",\"position\":1,\"name\":\"Anasayfa\",\"item\":\"https:\/\/glorygrowth.com\/\"},{\"@type\":\"ListItem\",\"position\":2,\"name\":\"GG Hakk\u0131nda\"}]},{\"@type\":\"WebSite\",\"@id\":\"https:\/\/glorygrowth.com\/#website\",\"url\":\"https:\/\/glorygrowth.com\/\",\"name\":\"glorygrowth.com\",\"description\":\"\",\"potentialAction\":[{\"@type\":\"SearchAction\",\"target\":{\"@type\":\"EntryPoint\",\"urlTemplate\":\"https:\/\/glorygrowth.com\/?s={search_term_string}\"},\"query-input\":\"required name=search_term_string\"}],\"inLanguage\":\"tr\"}]}<\/script>\n<!-- \/ Yoast SEO plugin. -->","yoast_head_json":{"title":"ASO, SEO ve Omnichannel Pazarlama, Dijitalde H\u0131zl\u0131 B\u00fcy\u00fcme","description":"Glory Growth ile dijital d\u00fcnyada fark yarat\u0131n! ASO, SEO, influencer marketing ve omnichannel stratejilerle uygulaman\u0131z\u0131n ve markan\u0131z\u0131n b\u00fcy\u00fcmesini h\u0131zland\u0131r\u0131yoruz.","robots":{"index":"index","follow":"follow","max-snippet":"max-snippet:-1","max-image-preview":"max-image-preview:large","max-video-preview":"max-video-preview:-1"},"canonical":"https:\/\/glorygrowth.com\/tr\/hakkimizda\/","og_locale":"tr_TR","og_type":"article","og_title":"ASO, SEO ve Omnichannel Pazarlama, Dijitalde H\u0131zl\u0131 B\u00fcy\u00fcme","og_description":"Glory Growth ile dijital d\u00fcnyada fark yarat\u0131n! ASO, SEO, influencer marketing ve omnichannel stratejilerle uygulaman\u0131z\u0131n ve markan\u0131z\u0131n b\u00fcy\u00fcmesini h\u0131zland\u0131r\u0131yoruz.","og_url":"https:\/\/glorygrowth.com\/tr\/hakkimizda\/","og_site_name":"glorygrowth.com","article_modified_time":"2025-03-21T13:37:06+00:00","twitter_card":"summary_large_image","twitter_misc":{"Tahmini okuma s\u00fcresi":"1 dakika"},"schema":{"@context":"https:\/\/schema.org","@graph":[{"@type":"WebPage","@id":"https:\/\/glorygrowth.com\/hakkimizda","url":"https:\/\/glorygrowth.com\/hakkimizda","name":"ASO, SEO ve Omnichannel Pazarlama, Dijitalde H\u0131zl\u0131 B\u00fcy\u00fcme","isPartOf":{"@id":"https:\/\/glorygrowth.com\/#website"},"datePublished":"2019-03-01T07:37:53+00:00","dateModified":"2025-03-21T13:37:06+00:00","description":"Glory Growth ile dijital d\u00fcnyada fark yarat\u0131n! ASO, SEO, influencer marketing ve omnichannel stratejilerle uygulaman\u0131z\u0131n ve markan\u0131z\u0131n b\u00fcy\u00fcmesini h\u0131zland\u0131r\u0131yoruz.","breadcrumb":{"@id":"https:\/\/glorygrowth.com\/hakkimizda#breadcrumb"},"inLanguage":"tr","potentialAction":[{"@type":"ReadAction","target":["https:\/\/glorygrowth.com\/hakkimizda"]}]},{"@type":"BreadcrumbList","@id":"https:\/\/glorygrowth.com\/hakkimizda#breadcrumb","itemListElement":[{"@type":"ListItem","position":1,"name":"Anasayfa","item":"https:\/\/glorygrowth.com\/"},{"@type":"ListItem","position":2,"name":"GG Hakk\u0131nda"}]},{"@type":"WebSite","@id":"https:\/\/glorygrowth.com\/#website","url":"https:\/\/glorygrowth.com\/","name":"glorygrowth.com","description":"","potentialAction":[{"@type":"SearchAction","target":{"@type":"EntryPoint","urlTemplate":"https:\/\/glorygrowth.com\/?s={search_term_string}"},"query-input":"required name=search_term_string"}],"inLanguage":"tr"}]}},"rttpg_featured_image_url":null,"rttpg_author":{"display_name":"glorygrowth.com","author_link":"https:\/\/glorygrowth.com\/tr\/author\/glorygrowth-com"},"rttpg_comment":0,"rttpg_category":null,"rttpg_excerpt":null,"_links":{"self":[{"href":"https:\/\/glorygrowth.com\/tr\/wp-json\/wp\/v2\/pages\/175","targetHints":{"allow":["GET"]}}],"collection":[{"href":"https:\/\/glorygrowth.com\/tr\/wp-json\/wp\/v2\/pages"}],"about":[{"href":"https:\/\/glorygrowth.com\/tr\/wp-json\/wp\/v2\/types\/page"}],"author":[{"embeddable":true,"href":"https:\/\/glorygrowth.com\/tr\/wp-json\/wp\/v2\/users\/1"}],"replies":[{"embeddable":true,"href":"https:\/\/glorygrowth.com\/tr\/wp-json\/wp\/v2\/comments?post=175"}],"version-history":[{"count":49,"href":"https:\/\/glorygrowth.com\/tr\/wp-json\/wp\/v2\/pages\/175\/revisions"}],"predecessor-version":[{"id":487,"href":"https:\/\/glorygrowth.com\/tr\/wp-json\/wp\/v2\/pages\/175\/revisions\/487"}],"wp:attachment":[{"href":"https:\/\/glorygrowth.com\/tr\/wp-json\/wp\/v2\/media?parent=175"}],"curies":[{"name":"wp","href":"https:\/\/api.w.org\/{rel}","templated":true}]}}