{"id":175,"date":"2019-03-01T07:37:53","date_gmt":"2019-03-01T07:37:53","guid":{"rendered":"http:\/\/shtheme.net\/demosd\/pixer\/?page_id=175"},"modified":"2025-03-21T16:37:06","modified_gmt":"2025-03-21T13:37:06","slug":"hakkimizda","status":"publish","type":"page","link":"https:\/\/glorygrowth.com\/en\/hakkimizda","title":{"rendered":"GG Hakk\u0131nda"},"content":{"rendered":"<section class=\"page-title\" style=\"background-image:url(https:\/\/glorygrowth.com\/wp-content\/uploads\/2024\/01\/aboutus.png)\">\n\n        <div class=\"auto-container\">\n\n            <div class=\"content\">\n\n                <h1>Discover &gt;&gt;\u00a0GG<\/h1>\n\n                <ul class=\"page-breadcrumb\">\n\n                    <li><a href=\"https:\/\/glorygrowth.com\/en\/\">Homepage<\/a><\/li>\n\n                    <li>Discover &gt;&gt;\u00a0GG<\/li>\n\n                <\/ul>\n\n            <\/div>\n\n        <\/div>\n\n    <\/section>\n\n<section class=\"services-section-two\">\n                <div class=\"auto-container\">\n                  <div class=\"row clearfix\">\n\t\t\t\n    <div class=\"services-block-four col-lg-4 col-md-6 col-sm-12\">\n\n        <div class=\"inner-box\">\n\n            <div class=\"icon-box\">\n\n                <span class=\"icon flaticon-chess\"><\/span>\n\n            <\/div>\n\n            <h6><a href=\"#\">A winning strategy<\/a><\/h6>\n\n            <div class=\"text\">The first step in building a growth and omnichannel strategy for your brand is identifying your company\u2019s strengths and weaknesses, followed by developing an integrated approach aligned with your goals. This strategy combines multiple channels to deliver a seamless customer experience, aiming to enhance customer loyalty and gain a competitive edge.<\/div>\n\n        <\/div>\n\n    <\/div>\n\n\n\t\t\t\n    <div class=\"services-block-four col-lg-4 col-md-6 col-sm-12\">\n\n        <div class=\"inner-box\">\n\n            <div class=\"icon-box\">\n\n                <span class=\"icon flaticon-document-2\"><\/span>\n\n            <\/div>\n\n            <h6><a href=\"#\">Strategy Implementation<\/a><\/h6>\n\n            <div class=\"text\">To successfully implement an omnichannel strategy, we must first understand our customers. By integrating different channels, we can deliver a more comprehensive experience, personalize content, and continuously refine our approach. Training our teams and strengthening interdepartmental communication are also essential to align everyone with the strategy. This way, our omnichannel efforts will lead to success and empower our brand.<\/div>\n\n        <\/div>\n\n    <\/div>\n\n\n\t\t\t\n    <div class=\"services-block-four col-lg-4 col-md-6 col-sm-12\">\n\n        <div class=\"inner-box\">\n\n            <div class=\"icon-box\">\n\n                <span class=\"icon flaticon-document\"><\/span>\n\n            <\/div>\n\n            <h6><a href=\"#\">Insights &amp; Success<\/a><\/h6>\n\n            <div class=\"text\">After implementing our omnichannel strategy, we observed a significant increase in customer engagement. This development indicates that our potential ROI is trending positively. Additionally, the rise in our ROAS reflects the effective execution of our strategy. The strong improvement in training and communication has fostered better collaboration between departments, supporting the success of our strategy. These positive trends demonstrate that our omnichannel strategy has made a significant contribution to business performance.<\/div>\n\n        <\/div>\n\n    <\/div>\n\n<\/div>\n            <\/div>\n          <\/section>\n<section class=\"about-section\">\n                  <div class=\"auto-container\">\n                    <div class=\"row clearfix\">\n                      <div class=\"image-column col-lg-6 col-md-12 col-sm-12\">\n                        <div class=\"inner-column\">\n                          <div class=\"image-1\"><img decoding=\"async\" src=\"\" alt=\"\"><\/div>\n                          <div class=\"image-2\"><img decoding=\"async\" src=\"\" alt=\"\"><\/div>\n                        <\/div>\n                      <\/div>\n                      <div class=\"content-column col-lg-6 col-md-12 col-sm-12\">\n                        <div class=\"inner-column\">\n                          <div class=\"sec-title\">\n                            <div class=\"title\">We are stronger together <\/div>\n                            <h2>Growth through Omnichannel<\/h2>\n                          <\/div>\n                          <div class=\"bold-text\">Strengthen Your Brand Communication and Drive Rapid Engagement Across Multiple Channels<\/div>\n                          <div class=\"text\">With our tailored growth strategies, we strengthen your brand communication and ensure a rapid presence across multiple digital channels. Elevate your success with high ROI and ROAS performance. Step into the future with confidence.<\/div>\n\t<div class=\"skills\">\n\t\t\t\n\t<\/div>\n\n\t\t\t\n    <div class=\"author-box\">\n\n        <div class=\"box-inner\">\n\n            <div class=\"image\"><img decoding=\"async\" src=\"https:\/\/glorygrowth.com\/wp-content\/uploads\/2019\/02\/team-4.jpg\" alt=\"\" \/><\/div>\n\n            <h3>Mert R. Yava\u015f<\/h3>\n\n            <div class=\"designation\">Founder &amp; CEO<\/div>\n\n            <div class=\"signature\"><img decoding=\"async\" src=\"https:\/\/glorygrowth.com\/wp-content\/uploads\/2019\/02\/signature.png\" alt=\"\" \/><\/div>\n\n        <\/div>\n\n    <\/div>\n\n<div class=\"vc_empty_space\"   style=\"height: 200px\"><span class=\"vc_empty_space_inner\"><\/span><\/div><\/div>\n            <\/div> \n          <\/div>\n        <\/div>\n      <\/section>","protected":false},"excerpt":{"rendered":"GG'yi Ke\u015ffet Anasayfa GG'yi Ke\u015ffet \u0130yi bir strateji Markan\u0131z i\u00e7in b\u00fcy\u00fcme ve omnichannel stratejisi olu\u015fturman\u0131n ilk ad\u0131m\u0131, \u015firketin g\u00fc\u00e7l\u00fc ve zay\u0131f y\u00f6nlerini belirleyip, ard\u0131ndan belirlenen hedeflere y\u00f6nelik entegre bir yakla\u015f\u0131m geli\u015ftirmektir. Bu strateji, m\u00fc\u015fteri sadakatini art\u0131rmak ve rekabet avantaj\u0131 elde etmek amac\u0131yla farkl\u0131 kanallar\u0131 birle\u015ftirerek m\u00fc\u015fterilere kesintisiz bir deneyim sunmay\u0131 i\u00e7erir. Uygulama Omnichannel stratejisini etkili [...]","protected":false},"author":1,"featured_media":0,"parent":0,"menu_order":0,"comment_status":"closed","ping_status":"closed","template":"page-templates\/extra-page.php","meta":{"footnotes":""},"class_list":["post-175","page","type-page","status-publish","hentry"],"yoast_head":"<!-- This site is optimized with the Yoast SEO plugin v21.9.1 - https:\/\/yoast.com\/wordpress\/plugins\/seo\/ -->\n<title>ASO, SEO ve Omnichannel Pazarlama, Dijitalde H\u0131zl\u0131 B\u00fcy\u00fcme<\/title>\n<meta name=\"description\" content=\"Glory Growth ile dijital d\u00fcnyada fark yarat\u0131n! ASO, SEO, influencer marketing ve omnichannel stratejilerle uygulaman\u0131z\u0131n ve markan\u0131z\u0131n b\u00fcy\u00fcmesini h\u0131zland\u0131r\u0131yoruz.\" \/>\n<meta name=\"robots\" content=\"index, follow, max-snippet:-1, max-image-preview:large, max-video-preview:-1\" \/>\n<link rel=\"canonical\" href=\"https:\/\/glorygrowth.com\/en\/hakkimizda\/\" \/>\n<meta property=\"og:locale\" content=\"en_GB\" \/>\n<meta property=\"og:type\" content=\"article\" \/>\n<meta property=\"og:title\" content=\"ASO, SEO ve Omnichannel Pazarlama, Dijitalde H\u0131zl\u0131 B\u00fcy\u00fcme\" \/>\n<meta property=\"og:description\" content=\"Glory Growth ile dijital d\u00fcnyada fark yarat\u0131n! ASO, SEO, influencer marketing ve omnichannel stratejilerle uygulaman\u0131z\u0131n ve markan\u0131z\u0131n b\u00fcy\u00fcmesini h\u0131zland\u0131r\u0131yoruz.\" \/>\n<meta property=\"og:url\" content=\"https:\/\/glorygrowth.com\/en\/hakkimizda\/\" \/>\n<meta property=\"og:site_name\" content=\"glorygrowth.com\" \/>\n<meta property=\"article:modified_time\" content=\"2025-03-21T13:37:06+00:00\" \/>\n<meta name=\"twitter:card\" content=\"summary_large_image\" \/>\n<meta name=\"twitter:label1\" content=\"Estimated reading time\" \/>\n\t<meta name=\"twitter:data1\" content=\"1 minute\" \/>\n<script type=\"application\/ld+json\" class=\"yoast-schema-graph\">{\"@context\":\"https:\/\/schema.org\",\"@graph\":[{\"@type\":\"WebPage\",\"@id\":\"https:\/\/glorygrowth.com\/hakkimizda\",\"url\":\"https:\/\/glorygrowth.com\/hakkimizda\",\"name\":\"ASO, SEO ve Omnichannel Pazarlama, Dijitalde H\u0131zl\u0131 B\u00fcy\u00fcme\",\"isPartOf\":{\"@id\":\"https:\/\/glorygrowth.com\/#website\"},\"datePublished\":\"2019-03-01T07:37:53+00:00\",\"dateModified\":\"2025-03-21T13:37:06+00:00\",\"description\":\"Glory Growth ile dijital d\u00fcnyada fark yarat\u0131n! ASO, SEO, influencer marketing ve omnichannel stratejilerle uygulaman\u0131z\u0131n ve markan\u0131z\u0131n b\u00fcy\u00fcmesini h\u0131zland\u0131r\u0131yoruz.\",\"breadcrumb\":{\"@id\":\"https:\/\/glorygrowth.com\/hakkimizda#breadcrumb\"},\"inLanguage\":\"en-GB\",\"potentialAction\":[{\"@type\":\"ReadAction\",\"target\":[\"https:\/\/glorygrowth.com\/hakkimizda\"]}]},{\"@type\":\"BreadcrumbList\",\"@id\":\"https:\/\/glorygrowth.com\/hakkimizda#breadcrumb\",\"itemListElement\":[{\"@type\":\"ListItem\",\"position\":1,\"name\":\"Anasayfa\",\"item\":\"https:\/\/glorygrowth.com\/\"},{\"@type\":\"ListItem\",\"position\":2,\"name\":\"GG Hakk\u0131nda\"}]},{\"@type\":\"WebSite\",\"@id\":\"https:\/\/glorygrowth.com\/#website\",\"url\":\"https:\/\/glorygrowth.com\/\",\"name\":\"glorygrowth.com\",\"description\":\"\",\"potentialAction\":[{\"@type\":\"SearchAction\",\"target\":{\"@type\":\"EntryPoint\",\"urlTemplate\":\"https:\/\/glorygrowth.com\/?s={search_term_string}\"},\"query-input\":\"required name=search_term_string\"}],\"inLanguage\":\"en-GB\"}]}<\/script>\n<!-- \/ Yoast SEO plugin. -->","yoast_head_json":{"title":"ASO, SEO ve Omnichannel Pazarlama, Dijitalde H\u0131zl\u0131 B\u00fcy\u00fcme","description":"Glory Growth ile dijital d\u00fcnyada fark yarat\u0131n! ASO, SEO, influencer marketing ve omnichannel stratejilerle uygulaman\u0131z\u0131n ve markan\u0131z\u0131n b\u00fcy\u00fcmesini h\u0131zland\u0131r\u0131yoruz.","robots":{"index":"index","follow":"follow","max-snippet":"max-snippet:-1","max-image-preview":"max-image-preview:large","max-video-preview":"max-video-preview:-1"},"canonical":"https:\/\/glorygrowth.com\/en\/hakkimizda\/","og_locale":"en_GB","og_type":"article","og_title":"ASO, SEO ve Omnichannel Pazarlama, Dijitalde H\u0131zl\u0131 B\u00fcy\u00fcme","og_description":"Glory Growth ile dijital d\u00fcnyada fark yarat\u0131n! ASO, SEO, influencer marketing ve omnichannel stratejilerle uygulaman\u0131z\u0131n ve markan\u0131z\u0131n b\u00fcy\u00fcmesini h\u0131zland\u0131r\u0131yoruz.","og_url":"https:\/\/glorygrowth.com\/en\/hakkimizda\/","og_site_name":"glorygrowth.com","article_modified_time":"2025-03-21T13:37:06+00:00","twitter_card":"summary_large_image","twitter_misc":{"Estimated reading time":"1 minute"},"schema":{"@context":"https:\/\/schema.org","@graph":[{"@type":"WebPage","@id":"https:\/\/glorygrowth.com\/hakkimizda","url":"https:\/\/glorygrowth.com\/hakkimizda","name":"ASO, SEO ve Omnichannel Pazarlama, Dijitalde H\u0131zl\u0131 B\u00fcy\u00fcme","isPartOf":{"@id":"https:\/\/glorygrowth.com\/#website"},"datePublished":"2019-03-01T07:37:53+00:00","dateModified":"2025-03-21T13:37:06+00:00","description":"Glory Growth ile dijital d\u00fcnyada fark yarat\u0131n! ASO, SEO, influencer marketing ve omnichannel stratejilerle uygulaman\u0131z\u0131n ve markan\u0131z\u0131n b\u00fcy\u00fcmesini h\u0131zland\u0131r\u0131yoruz.","breadcrumb":{"@id":"https:\/\/glorygrowth.com\/hakkimizda#breadcrumb"},"inLanguage":"en-GB","potentialAction":[{"@type":"ReadAction","target":["https:\/\/glorygrowth.com\/hakkimizda"]}]},{"@type":"BreadcrumbList","@id":"https:\/\/glorygrowth.com\/hakkimizda#breadcrumb","itemListElement":[{"@type":"ListItem","position":1,"name":"Anasayfa","item":"https:\/\/glorygrowth.com\/"},{"@type":"ListItem","position":2,"name":"GG Hakk\u0131nda"}]},{"@type":"WebSite","@id":"https:\/\/glorygrowth.com\/#website","url":"https:\/\/glorygrowth.com\/","name":"glorygrowth.com","description":"","potentialAction":[{"@type":"SearchAction","target":{"@type":"EntryPoint","urlTemplate":"https:\/\/glorygrowth.com\/?s={search_term_string}"},"query-input":"required name=search_term_string"}],"inLanguage":"en-GB"}]}},"rttpg_featured_image_url":null,"rttpg_author":{"display_name":"glorygrowth.com","author_link":"https:\/\/glorygrowth.com\/en\/author\/glorygrowth-com"},"rttpg_comment":0,"rttpg_category":null,"rttpg_excerpt":null,"_links":{"self":[{"href":"https:\/\/glorygrowth.com\/en\/wp-json\/wp\/v2\/pages\/175","targetHints":{"allow":["GET"]}}],"collection":[{"href":"https:\/\/glorygrowth.com\/en\/wp-json\/wp\/v2\/pages"}],"about":[{"href":"https:\/\/glorygrowth.com\/en\/wp-json\/wp\/v2\/types\/page"}],"author":[{"embeddable":true,"href":"https:\/\/glorygrowth.com\/en\/wp-json\/wp\/v2\/users\/1"}],"replies":[{"embeddable":true,"href":"https:\/\/glorygrowth.com\/en\/wp-json\/wp\/v2\/comments?post=175"}],"version-history":[{"count":49,"href":"https:\/\/glorygrowth.com\/en\/wp-json\/wp\/v2\/pages\/175\/revisions"}],"predecessor-version":[{"id":487,"href":"https:\/\/glorygrowth.com\/en\/wp-json\/wp\/v2\/pages\/175\/revisions\/487"}],"wp:attachment":[{"href":"https:\/\/glorygrowth.com\/en\/wp-json\/wp\/v2\/media?parent=175"}],"curies":[{"name":"wp","href":"https:\/\/api.w.org\/{rel}","templated":true}]}}